{"id":2197,"date":"2019-02-06T21:49:10","date_gmt":"2019-02-06T21:49:10","guid":{"rendered":"http:\/\/joachimpaulfehling.de\/?page_id=2197"},"modified":"2025-02-01T12:23:57","modified_gmt":"2025-02-01T11:23:57","slug":"credits","status":"publish","type":"page","link":"https:\/\/joachimpaulfehling.de\/?page_id=2197","title":{"rendered":"Credits"},"content":{"rendered":"<div class=\"wpb-content-wrapper\"><p>[vc_row][vc_column width=&#8220;1\/2&#8243; css=&#8220;.vc_custom_1549835152616{background-color: #ddc7c7 !important;}&#8220;][vc_column_text css=&#8220;.vc_custom_1583847656122{padding-top: 40px !important;padding-right: 40px !important;padding-bottom: 20px !important;padding-left: 40px !important;background-color: #e0e0e0 !important;border-radius: 2px !important;}&#8220;]<\/p>\n<h2 style=\"text-align: left;\"><strong>BASICS<\/strong><\/h2>\n<ul>\n<li>\n<h5><strong>K\u00f6rpergr\u00f6\u00dfe: 186 cm<\/strong><\/h5>\n<\/li>\n<li>\n<h5><strong>Gewicht: 120 kg<\/strong><\/h5>\n<\/li>\n<li>\n<h5><strong>Statur: korpulent<\/strong><\/h5>\n<\/li>\n<li>\n<h5><strong>Konfektion: 30<br \/>\n<\/strong><\/h5>\n<\/li>\n<li>\n<h5><strong>Ethnische Erscheinung: mitteleurop\u00e4isch<\/strong><\/h5>\n<\/li>\n<li>\n<h5><strong>Haarfarbe: rot-blond graumeliert<br \/>\n<\/strong><\/h5>\n<\/li>\n<li>\n<h5><strong>Haarl\u00e4nge: Halbglatze\/Haarkranz<\/strong><\/h5>\n<\/li>\n<li>\n<h5><strong>Augenfarbe: grau-gr\u00fcn<\/strong><\/h5>\n<\/li>\n<li>\n<h5><strong>Sprachen: Englisch (sehr gut), Holl\u00e4ndisch (sehr gut), Franz\u00f6sisch (ausbauf\u00e4hig)<br \/>\n<\/strong><\/h5>\n<\/li>\n<li>\n<h5><strong>Dialekte: norddeutsch, berlinerisch, bayerisch (Englisch: australisch, s\u00fcdafrikanisch, US Amerikanisch, britisch)<br \/>\n<\/strong><\/h5>\n<\/li>\n<li>\n<h5><strong>Stimmlage: Bass-Bariton<br \/>\n<\/strong><\/h5>\n<\/li>\n<li>\n<h5><strong>Gesang: Chanson<\/strong><strong><br \/>\n<\/strong><\/h5>\n<\/li>\n<li>\n<h5><strong>F\u00fchrerscheinklassen: B und C1E<\/strong><\/h5>\n<\/li>\n<li>\n<h5><strong>Bevorzugter Arbeitsbereich: Sprecher, Film, Fernsehen<\/strong><\/h5>\n<\/li>\n<li>\n<h5><strong>Unmittelbarer Arbeitsort: NRW und Berlin<br \/>\n<\/strong><\/h5>\n<\/li>\n<li>\n<h5><strong>Wohnm\u00f6glichkeiten: Rhein-Main Gebiet, K\u00f6ln\/Bonn, M\u00fcnchen, N\u00fcrnberg, Wien<br \/>\n<\/strong><\/h5>\n<\/li>\n<\/ul>\n<p>[\/vc_column_text]<div class=\"eut-element eut-box eut-align-center\" style=\"\"><figure class=\"eut-image-hover eut-zoom-in\">\t<div class=\"eut-media\">\t\t<div class=\"eut-bg-light eut-hover-overlay eut-opacity-30\"><\/div><img loading=\"lazy\" decoding=\"async\" width=\"1280\" height=\"1920\" src=\"https:\/\/joachimpaulfehling.de\/wp-content\/uploads\/2020\/03\/Fehling-2016-IMG_6405-Bearbeitet.jpg\" class=\"attachment-full size-full\" alt=\"\" srcset=\"https:\/\/joachimpaulfehling.de\/wp-content\/uploads\/2020\/03\/Fehling-2016-IMG_6405-Bearbeitet.jpg 1280w, https:\/\/joachimpaulfehling.de\/wp-content\/uploads\/2020\/03\/Fehling-2016-IMG_6405-Bearbeitet-200x300.jpg 200w, https:\/\/joachimpaulfehling.de\/wp-content\/uploads\/2020\/03\/Fehling-2016-IMG_6405-Bearbeitet-683x1024.jpg 683w, https:\/\/joachimpaulfehling.de\/wp-content\/uploads\/2020\/03\/Fehling-2016-IMG_6405-Bearbeitet-768x1152.jpg 768w, https:\/\/joachimpaulfehling.de\/wp-content\/uploads\/2020\/03\/Fehling-2016-IMG_6405-Bearbeitet-1024x1536.jpg 1024w\" sizes=\"auto, (max-width: 1280px) 100vw, 1280px\" \/>\t<\/div><\/figure>  <div class=\"eut-box-content\"><h3 class=\"eut-box-title eut-h3\">Joachim Paul Fehling<\/h3>    <p>(c) herber.photography<\/p>  <\/div><\/div><div class=\"eut-element eut-image eut-align-center\" style=\"\"><img loading=\"lazy\" decoding=\"async\" width=\"1707\" height=\"2560\" src=\"https:\/\/joachimpaulfehling.de\/wp-content\/uploads\/2020\/03\/IMG_6575-Bearbeitet-scaled-e1583591820368.jpg\" class=\"attachment-full size-full\" alt=\"\" srcset=\"https:\/\/joachimpaulfehling.de\/wp-content\/uploads\/2020\/03\/IMG_6575-Bearbeitet-scaled-e1583591820368.jpg 1707w, https:\/\/joachimpaulfehling.de\/wp-content\/uploads\/2020\/03\/IMG_6575-Bearbeitet-scaled-e1583591820368-200x300.jpg 200w, https:\/\/joachimpaulfehling.de\/wp-content\/uploads\/2020\/03\/IMG_6575-Bearbeitet-scaled-e1583591820368-683x1024.jpg 683w, https:\/\/joachimpaulfehling.de\/wp-content\/uploads\/2020\/03\/IMG_6575-Bearbeitet-scaled-e1583591820368-768x1152.jpg 768w, https:\/\/joachimpaulfehling.de\/wp-content\/uploads\/2020\/03\/IMG_6575-Bearbeitet-scaled-e1583591820368-1024x1536.jpg 1024w, https:\/\/joachimpaulfehling.de\/wp-content\/uploads\/2020\/03\/IMG_6575-Bearbeitet-scaled-e1583591820368-1366x2048.jpg 1366w, https:\/\/joachimpaulfehling.de\/wp-content\/uploads\/2020\/03\/IMG_6575-Bearbeitet-scaled-e1583591820368-1280x1920.jpg 1280w\" sizes=\"auto, (max-width: 1707px) 100vw, 1707px\" \/><\/div>[\/vc_column][vc_column width=&#8220;1\/2&#8243; css=&#8220;.vc_custom_1549832222265{padding-top: 40px !important;padding-right: 40px !important;padding-bottom: 20px !important;padding-left: 40px !important;}&#8220;][vc_column_text css=&#8220;&#8220;]<\/p>\n<h2><strong>CREDITS &amp; EXPERIENCES<br \/><\/strong><\/h2>\n<h3><strong>(Auswahl)<\/strong><\/h3>\n<h4>\u00a0<\/h4>\n<h4><!-- \/wp:post-content --><\/h4>\n<h4><!-- wp:paragraph --><\/h4>\n<h4><!-- \/wp:paragraph --><\/h4>\n<h4><!-- wp:list --><\/h4>\n<ul>\n<li>\n<h4 id=\"firstHeading\" class=\"firstHeading mw-first-heading\"><strong><span class=\"mw-page-title-main\">ARD 2020 &#8222;Helene, die wahre Braut&#8220; &#8211; <\/span><\/strong><span class=\"mw-page-title-main\">Regie: Zoltan Sprandelli, Rolle: <em>K\u00f6nig Justus<\/em><\/span><strong><span class=\"mw-page-title-main\"><br \/><\/span><\/strong><\/h4>\n<\/li>\n<li>\n<h4><strong>Werbung &#8218;M&amp;M&#8216; <\/strong>f\u00fcr TV &amp; Internet: <em>Voiceover des blauen M&amp;M &#8218;Lover&#8216;<\/em><\/h4>\n<\/li>\n<li>\n<h4><strong>Zahlreiche Werbung ohne Spezifikationsnennung aufgrund von Vertraulichkeitsvereinbarungen<\/strong><\/h4>\n<\/li>\n<li>\n<h4><strong>RTL Serie &#8218;Alarm f\u00fcr Cobra 11&#8216;\u00a0<\/strong> &#8218;Der K\u00f6nigsm\u00f6rder&#8216;, Regie Ralph Polinski : Rolle: <em>B\u00fcrgermeister Volker M\u00fcller<\/em><\/h4>\n<\/li>\n<li>\n<h4><strong>ZDF<\/strong> <strong>Serie<\/strong> <strong>&#8218;SOKO K\u00f6ln&#8216;\u00a0<\/strong> &#8222;Eingeschlossen&#8220;, Regie: Alex Eslam, Tagesrolle: <em> Chefarzt Dr. J\u00f6rg Schneider<\/em><\/h4>\n<\/li>\n<li>\n<h4><strong>Kurzfilm &#8218;Das Merdi&#8216;<\/strong> Regie-Abschlussarbeit, Regie: Patricia Pflug, Hauptrolle: <em>Psychologe Dr. Herrenmilch<\/em><\/h4>\n<\/li>\n<li>\n<h4><strong>ARD Serie <\/strong><strong>&#8218;Falk&#8216;<\/strong>, Regie: Peter Stauch<em>, <\/em>Rolle:<em> Restaurantkritiker Kohlase<\/em><\/h4>\n<\/li>\n<li>\n<h4><strong>Film &#8218;Frag&#8216; die Banane&#8216;<\/strong> (Systematische Verkehrsicherheit im Betrieb) Dt. Verkehrssicherheitsrat, Hauptrolle:<em> Firmeninhaber Dietrich Schmittering<\/em><\/h4>\n<\/li>\n<\/ul>\n<h4><!-- \/wp:list --><\/h4>\n<h4><!-- wp:list --><\/h4>\n<ul>\n<li>\n<h4><strong>WDR H\u00f6rspiel &#8218;Der Geheimagent&#8216;<\/strong> nach Joseph Conrad, Regie: Martin Zylka, Rolle:<em> Lord Ethelred, Minister<\/em><\/h4>\n<\/li>\n<li>\n<h4><strong>Werbung &#8218;Takko Fashion&#8216;<\/strong> zu Halloween Kampagne f\u00fcr Internet und alle Filialen in D, A und CH, <em>Voiceover kompletter Spot<\/em><\/h4>\n<\/li>\n<li>\n<h4><strong>Werbung &#8218;Westlotto&#8216; <\/strong>Adventszeit Radio WDR : <em>Stimme Weihnachtsmann<\/em><\/h4>\n<\/li>\n<li>\n<h4><strong>Synchron US-TV-Serie &#8218;Veep&#8216;,\u00a0<\/strong>Regie: Stefan Ludwig, Studio Cinephon Berlin, Rolle:<em> US-Kongress-Abgeordneter Whitman<\/em><\/h4>\n<\/li>\n<li>\n<h4><strong>Synchron US-TV-Serie &#8218;The Strain&#8216;<\/strong>, Cinephon Berlin, Regie: Stefan Ludwig, Rolle:<em> &#8218;Der Meister&#8216;<\/em><\/h4>\n<\/li>\n<li>\n<h4><strong>WDR H\u00f6rspiel &#8222;7 Prinzessinnen und jede Menge Drachen&#8220;<\/strong> von Christine Bj\u00f6rk, Rolle:<em> &#8218;Drache Grafor&#8216;<\/em><\/h4>\n<\/li>\n<li>\n<h4><strong>WDR H\u00f6rspiel &#8218;Ben und Teo&#8216;<\/strong>, Regie: Gerrit Booms, Rolle:<em> Alter Seeb\u00e4r Jens Jensen<\/em><\/h4>\n<\/li>\n<\/ul>\n<h4><!-- \/wp:list --><\/h4>\n<h4><!-- \/wp:paragraph --><\/h4>\n<h4><!-- wp:list --><\/h4>\n<ul>\n<li>\n<h4><strong>ARD Fernsehfilm\u00a0 &#8222;Die Salzprinzessin&#8220;, <\/strong>Regie: Zoltan Spirandelli, Rolle: <em>Bildungsminister von Schenkelschlag am Hofe von K\u00f6nig Christof <\/em><\/h4>\n<\/li>\n<\/ul>\n<h4><!-- \/wp:list --><\/h4>\n<h4><!-- wp:list --><\/h4>\n<ul>\n<li>\n<h4><strong>ARD &#8222;Tatort&#8220; K\u00f6ln<\/strong> &#8222;Benutzt&#8220;, Regie Dagmar Seume Rolle: Tagesrolle<em> Pf\u00f6rtner<\/em><\/h4>\n<\/li>\n<li>\n<h4><strong>H\u00f6rbuch<\/strong> <strong>&#8222;Eine Blume f\u00fcr die K\u00f6nigin&#8220;,\u00a0<\/strong>historischer Roman von Caroline Vermalle und Ryan von Ruben, Audible \/ Lausch Medien\/Bastei L\u00fcbbe (10:15 hrs.)<\/h4>\n<\/li>\n<li>\n<h4><strong>ARD &#8222;Tatort&#8220; K\u00f6ln<\/strong> &#8222;Ohnmacht&#8220;, Regie: Thomas Jauch, Tagesrolle Lars Brendel<\/h4>\n<\/li>\n<li>\n<h4><strong>ZDF &#8222;SOKO K\u00f6ln&#8220;<\/strong>, &#8222;Der stumme Tenor&#8220;, Regie Lars-Gunnar Lotz, <em>Nebenrolle: Operns\u00e4nger Ivan Orson <\/em><\/h4>\n<\/li>\n<li>\n<h4><strong>ARD &#8222;Tatort&#8220;<\/strong> <strong>K\u00f6ln<\/strong> &#8222;Freddy tanzt&#8220;, Regie: Andreas Kleinert, Tagesrolle: <em>Kunstm\u00e4zen<\/em><\/h4>\n<\/li>\n<li>\n<h4><strong>RTL Serie &#8222;Alarm f\u00fcr Cobra 11&#8220;<\/strong>, Pilotfilm &#8222;Die dunkle Seite&#8220;, Regie: Franco Tozza, Tagesrolle: <em>Jugendpsychologe Benedikt Malchow <\/em><\/h4>\n<\/li>\n<li>\n<h4><strong>ZDF-Film &#8222;Die Lichtenbergs&#8220;<\/strong>, Regie: Matthias Tiefenbacher, Tagesrolle:<em> Politiker, MdB, &#8222;Wolfgang-Thierse-lookalike&#8220; <\/em><em><br \/><\/em><\/h4>\n<\/li>\n<li>\n<h4><strong>ARD &#8222;Tatort&#8220; Dortmund<\/strong> &#8222;Auf ewig Dein&#8220;, Regie:Dror Zahavi, Restaurantgast<\/h4>\n<\/li>\n<\/ul>\n<h4><!-- \/wp:list --><\/h4>\n<h4><!-- \/wp:paragraph --><\/h4>\n<h4><!-- wp:list --><\/h4>\n<ul>\n<li>\n<h4><strong>Kinofilm &#8222;Der Koch&#8220;<\/strong> nach Martin Suter unter Ralf Huettner, Tagesrolle:<em> Schweizer Politiker<\/em><em><br \/><\/em><\/h4>\n<\/li>\n<li>\n<h4><strong>Werbefilm AXA-Pflegetipp<\/strong> &#8222;Ged\u00e4chtnistraining&#8220;<\/h4>\n<\/li>\n<li>\n<h4><strong>Kinofilm &#8222;Scho\u00dfgebete&#8220;<\/strong> nach Charlotte Roche, Regie: S\u00f6nke Wortmann, Tagesrolle: <em>Mafi\u00f6ser Gro\u00dfvater am Grab<\/em><\/h4>\n<\/li>\n<li>\n<h4><strong>ARD &#8222;Tatort&#8220; K\u00f6ln<\/strong> &#8222;Der Fall Reinhard&#8220;, Regie: Torsten C. Fischer<\/h4>\n<\/li>\n<\/ul>\n<h5><!-- \/wp:list --><\/h5>\n<h5>\u00a0<\/h5>\n<p>[\/vc_column_text][\/vc_column][\/vc_row][vc_row][vc_column][\/vc_column][\/vc_row][vc_row][vc_column width=&#8220;1\/2&#8243;]<div class=\"eut-empty-space eut-height-3x\" style=\"\"><\/div>[\/vc_column][vc_column width=&#8220;1\/2&#8243;][\/vc_column][\/vc_row]<\/p>\n<\/div>","protected":false},"excerpt":{"rendered":"<p>[vc_row][vc_column width=&#8220;1\/2&#8243; css=&#8220;.vc_custom_1549835152616{background-color: #ddc7c7 !important;}&#8220;][vc_column_text css=&#8220;.vc_custom_1583847656122{padding-top: 40px !important;padding-right: 40px !important;padding-bottom: 20px !important;padding-left: 40px !important;background-color: #e0e0e0 !important;border-radius: 2px !important;}&#8220;] BASICS K\u00f6rpergr\u00f6\u00dfe: 186 cm Gewicht: 120 kg Statur: korpulent Konfektion: 30 Ethnische Erscheinung: mitteleurop\u00e4isch Haarfarbe: rot-blond graumeliert Haarl\u00e4nge: Halbglatze\/Haarkranz Augenfarbe: grau-gr\u00fcn Sprachen: Englisch (sehr gut), Holl\u00e4ndisch (sehr gut), Franz\u00f6sisch (ausbauf\u00e4hig) Dialekte: norddeutsch, berlinerisch, bayerisch (Englisch: australisch, s\u00fcdafrikanisch, [&hellip;]<\/p>\n","protected":false},"author":1,"featured_media":2161,"parent":612,"menu_order":0,"comment_status":"closed","ping_status":"closed","template":"","meta":{"footnotes":""},"class_list":["post-2197","page","type-page","status-publish","has-post-thumbnail","hentry"],"_links":{"self":[{"href":"https:\/\/joachimpaulfehling.de\/index.php?rest_route=\/wp\/v2\/pages\/2197","targetHints":{"allow":["GET"]}}],"collection":[{"href":"https:\/\/joachimpaulfehling.de\/index.php?rest_route=\/wp\/v2\/pages"}],"about":[{"href":"https:\/\/joachimpaulfehling.de\/index.php?rest_route=\/wp\/v2\/types\/page"}],"author":[{"embeddable":true,"href":"https:\/\/joachimpaulfehling.de\/index.php?rest_route=\/wp\/v2\/users\/1"}],"replies":[{"embeddable":true,"href":"https:\/\/joachimpaulfehling.de\/index.php?rest_route=%2Fwp%2Fv2%2Fcomments&post=2197"}],"version-history":[{"count":41,"href":"https:\/\/joachimpaulfehling.de\/index.php?rest_route=\/wp\/v2\/pages\/2197\/revisions"}],"predecessor-version":[{"id":2524,"href":"https:\/\/joachimpaulfehling.de\/index.php?rest_route=\/wp\/v2\/pages\/2197\/revisions\/2524"}],"up":[{"embeddable":true,"href":"https:\/\/joachimpaulfehling.de\/index.php?rest_route=\/wp\/v2\/pages\/612"}],"wp:featuredmedia":[{"embeddable":true,"href":"https:\/\/joachimpaulfehling.de\/index.php?rest_route=\/wp\/v2\/media\/2161"}],"wp:attachment":[{"href":"https:\/\/joachimpaulfehling.de\/index.php?rest_route=%2Fwp%2Fv2%2Fmedia&parent=2197"}],"curies":[{"name":"wp","href":"https:\/\/api.w.org\/{rel}","templated":true}]}}